{"id":4717,"date":"2024-11-28T14:49:35","date_gmt":"2024-11-28T12:49:35","guid":{"rendered":"https:\/\/www.showlinkshow.fi\/?page_id=4717"},"modified":"2024-12-17T13:19:54","modified_gmt":"2024-12-17T11:19:54","slug":"nayttelyt-2025","status":"publish","type":"page","link":"https:\/\/www.showlinkshow.fi\/?page_id=4717","title":{"rendered":"N\u00e4yttelyt 2025"},"content":{"rendered":"<div class=\"post-content\">\n<p>Alla olevasta listasta l\u00f6yd\u00e4t n\u00e4yttelyt, joiden ilmoittautumiset k\u00e4sitell\u00e4\u00e4n <strong>yhteisty\u00f6ss\u00e4 Showlinkin kanssa. <\/strong><br>N\u00e4yttelyiden ilmoittautumisia koskevat tiedustelut arkisin klo 11\u201317 puh. 09 887 30 320 tai s\u00e4hk\u00f6postitse info@showlink.fi . <br><em>Mainitsethan tiedustelussasi \/ s\u00e4hk\u00f6postissasi n\u00e4yttelyn nimen sek\u00e4 koiran rekisterinumeron, jota tiedustelu koskee.<\/em><\/p>\n\n\n<p><script type=\"text\/javascript\" src=\"https:\/\/www.showlinkshow.fi\/wp-content\/themes\/dark-press\/js\/kokovuodennayttelyt.js\"><\/script><\/p>\n<p><script type=\"text\/javascript\">jQuery(document).ready(function(){haeNayttelytVuosi(1, 2025);});<\/script><\/p>\n<table class=\"views-table cols-3\">\n<tbody>\n<tr>\n<td>\u00a0<\/td>\n<\/tr>\n<\/tbody>\n<\/table>\n\n\n<p><\/p>\n<\/div>","protected":false},"excerpt":{"rendered":"<p>Alla olevasta listasta l\u00f6yd\u00e4t n\u00e4yttelyt, joiden ilmoittautumiset k\u00e4sitell\u00e4\u00e4n yhteisty\u00f6ss\u00e4 Showlinkin<\/p>\n","protected":false},"author":1,"featured_media":2858,"parent":0,"menu_order":0,"comment_status":"closed","ping_status":"closed","template":"","meta":{"_monsterinsights_skip_tracking":false,"_monsterinsights_sitenote_active":false,"_monsterinsights_sitenote_note":"","_monsterinsights_sitenote_category":0,"_uf_show_specific_survey":0,"_uf_disable_surveys":false,"footnotes":""},"class_list":["post-4717","page","type-page","status-publish","has-post-thumbnail","hentry"],"aioseo_notices":[],"_links":{"self":[{"href":"https:\/\/www.showlinkshow.fi\/index.php?rest_route=\/wp\/v2\/pages\/4717","targetHints":{"allow":["GET"]}}],"collection":[{"href":"https:\/\/www.showlinkshow.fi\/index.php?rest_route=\/wp\/v2\/pages"}],"about":[{"href":"https:\/\/www.showlinkshow.fi\/index.php?rest_route=\/wp\/v2\/types\/page"}],"author":[{"embeddable":true,"href":"https:\/\/www.showlinkshow.fi\/index.php?rest_route=\/wp\/v2\/users\/1"}],"replies":[{"embeddable":true,"href":"https:\/\/www.showlinkshow.fi\/index.php?rest_route=%2Fwp%2Fv2%2Fcomments&post=4717"}],"version-history":[{"count":4,"href":"https:\/\/www.showlinkshow.fi\/index.php?rest_route=\/wp\/v2\/pages\/4717\/revisions"}],"predecessor-version":[{"id":4758,"href":"https:\/\/www.showlinkshow.fi\/index.php?rest_route=\/wp\/v2\/pages\/4717\/revisions\/4758"}],"wp:featuredmedia":[{"embeddable":true,"href":"https:\/\/www.showlinkshow.fi\/index.php?rest_route=\/wp\/v2\/media\/2858"}],"wp:attachment":[{"href":"https:\/\/www.showlinkshow.fi\/index.php?rest_route=%2Fwp%2Fv2%2Fmedia&parent=4717"}],"curies":[{"name":"wp","href":"https:\/\/api.w.org\/{rel}","templated":true}]}}